{"id":139,"date":"2016-10-20T13:02:55","date_gmt":"2016-10-20T12:02:55","guid":{"rendered":"http:\/\/alternative2017.eu\/?page_id=139"},"modified":"2016-10-22T18:45:26","modified_gmt":"2016-10-22T17:45:26","slug":"qui-sommes-nous","status":"publish","type":"page","link":"https:\/\/alternative2017.eu\/index.php\/qui-sommes-nous\/","title":{"rendered":"Qui sommes nous ?"},"content":{"rendered":"<p style=\"text-align: left;\">D\u00e9sign\u00e9s par nos soutiens pour repr\u00e9senter Alternative 2017, pr\u00e9senter \u00e0 la communaut\u00e9 et aux m\u00e9dia nos propositions et nos aspirations pour l&rsquo;Universit\u00e9 de Strasbourg, nos porte-paroles r\u00e9pondent \u00e0 vos questions.<\/p>\n<p style=\"text-align: center;\"><img decoding=\"async\" loading=\"lazy\" class=\"alignnone size-medium wp-image-291\" src=\"http:\/\/alternative2017.eu\/wp-content\/uploads\/2016\/10\/338x450-Michel-225x300.png\" alt=\"338x450-michel\" width=\"225\" height=\"300\" srcset=\"https:\/\/alternative2017.eu\/wp-content\/uploads\/2016\/10\/338x450-Michel-225x300.png 225w, https:\/\/alternative2017.eu\/wp-content\/uploads\/2016\/10\/338x450-Michel.png 338w\" sizes=\"(max-width: 225px) 100vw, 225px\" \/><\/p>\n<p style=\"text-align: center;\"><b><i>H\u00e9l\u00e8ne MICHEL<\/i><\/b><\/p>\n<p style=\"text-align: center;\"><a href=\"http:\/\/alternative2017.eu\/index.php\/helene-michel\/\"><strong><em>\u00ab <b><i>Pour donner un nouveau souffle<br \/>\n\u00e0 l\u2019Universit\u00e9 de Strasbourg \u00bb<\/i><\/b><\/em><\/strong><\/a><\/p>\n<hr \/>\n<p style=\"text-align: center;\"><img decoding=\"async\" loading=\"lazy\" class=\"alignnone size-medium wp-image-289\" src=\"http:\/\/alternative2017.eu\/wp-content\/uploads\/2016\/10\/338x450-Gasparini-225x300.png\" alt=\"338x450-gasparini\" width=\"225\" height=\"300\" srcset=\"https:\/\/alternative2017.eu\/wp-content\/uploads\/2016\/10\/338x450-Gasparini-225x300.png 225w, https:\/\/alternative2017.eu\/wp-content\/uploads\/2016\/10\/338x450-Gasparini.png 338w\" sizes=\"(max-width: 225px) 100vw, 225px\" \/><\/p>\n<p style=\"text-align: center;\"><b><i>William GASPARINI<\/i><\/b><\/p>\n<p style=\"text-align: center;\"><a href=\"http:\/\/alternative2017.eu\/index.php\/william-gasparini\/\"><strong><em>\u00ab P<b><i>our une plus grande<br \/>\nd\u00e9mocratie universitaire \u00bb<\/i><\/b><\/em><\/strong><\/a><\/p>\n<hr \/>\n<p style=\"text-align: center;\"><img decoding=\"async\" loading=\"lazy\" class=\"alignnone size-medium wp-image-290\" src=\"http:\/\/alternative2017.eu\/wp-content\/uploads\/2016\/10\/338x450-Gilliot-225x300.png\" alt=\"338x450-gilliot\" width=\"225\" height=\"300\" srcset=\"https:\/\/alternative2017.eu\/wp-content\/uploads\/2016\/10\/338x450-Gilliot-225x300.png 225w, https:\/\/alternative2017.eu\/wp-content\/uploads\/2016\/10\/338x450-Gilliot.png 338w\" sizes=\"(max-width: 225px) 100vw, 225px\" \/><\/p>\n<p style=\"text-align: center;\"><b><i>Pierre GILLIOT<\/i><\/b><\/p>\n<p style=\"text-align: center;\"><a href=\"http:\/\/alternative2017.eu\/index.php\/pierre-gilliot\/\"><strong><em>\u00ab Il faut une universit\u00e9 qui rassemble<br \/>\ntous ses membres autour d\u2019un projet commun \u00bb<\/em><\/strong><\/a><\/p>\n<hr \/>\n<p style=\"text-align: center;\"><img decoding=\"async\" loading=\"lazy\" class=\"alignnone size-medium wp-image-292\" src=\"http:\/\/alternative2017.eu\/wp-content\/uploads\/2016\/10\/338x450-Vespa-225x300.png\" alt=\"338x450-vespa\" width=\"225\" height=\"300\" srcset=\"https:\/\/alternative2017.eu\/wp-content\/uploads\/2016\/10\/338x450-Vespa-225x300.png 225w, https:\/\/alternative2017.eu\/wp-content\/uploads\/2016\/10\/338x450-Vespa.png 338w\" sizes=\"(max-width: 225px) 100vw, 225px\" \/><\/p>\n<p style=\"text-align: center;\"><b><i>Christine VESPA<br \/>\n<a href=\"http:\/\/alternative2017.eu\/index.php\/christine-vespa\/\">\u00ab J\u2019aimerais un vrai changement de politique \u00bb<\/a><\/i><\/b><\/p>\n<hr \/>\n<p style=\"text-align: center;\"><img decoding=\"async\" loading=\"lazy\" class=\"alignnone size-medium wp-image-293\" src=\"http:\/\/alternative2017.eu\/wp-content\/uploads\/2016\/10\/338x450-Viville-225x300.png\" alt=\"338x450-viville\" width=\"225\" height=\"300\" srcset=\"https:\/\/alternative2017.eu\/wp-content\/uploads\/2016\/10\/338x450-Viville-225x300.png 225w, https:\/\/alternative2017.eu\/wp-content\/uploads\/2016\/10\/338x450-Viville.png 338w\" sizes=\"(max-width: 225px) 100vw, 225px\" \/><\/p>\n<p style=\"text-align: center;\"><b><i>St\u00e9phane VIVILLE<\/i><\/b><\/p>\n<p style=\"text-align: center;\"><a href=\"http:\/\/alternative2017.eu\/index.php\/stephane-viville\/\"><strong><em><b><i>\u00ab Pour changer la logique de gestion<br \/>\nentrepreneuriale de notre universit\u00e9 \u00bb<\/i><\/b><\/em><\/strong><\/a><\/p>\n","protected":false},"excerpt":{"rendered":"<p>D\u00e9sign\u00e9s par nos soutiens pour repr\u00e9senter Alternative 2017, pr\u00e9senter \u00e0 la communaut\u00e9 et aux m\u00e9dia nos propositions et nos aspirations pour l&rsquo;Universit\u00e9 de Strasbourg, nos porte-paroles r\u00e9pondent \u00e0 vos questions. H\u00e9l\u00e8ne MICHEL \u00ab Pour donner un nouveau souffle \u00e0 l\u2019Universit\u00e9 de Strasbourg \u00bb William GASPARINI \u00ab Pour une plus grande d\u00e9mocratie universitaire \u00bb Pierre GILLIOT [&hellip;]<\/p>\n","protected":false},"author":1,"featured_media":0,"parent":0,"menu_order":0,"comment_status":"closed","ping_status":"closed","template":"","meta":{"jetpack_post_was_ever_published":false,"footnotes":""},"jetpack_sharing_enabled":true,"jetpack_shortlink":"https:\/\/wp.me\/P85Sjy-2f","jetpack_likes_enabled":true,"_links":{"self":[{"href":"https:\/\/alternative2017.eu\/index.php\/wp-json\/wp\/v2\/pages\/139"}],"collection":[{"href":"https:\/\/alternative2017.eu\/index.php\/wp-json\/wp\/v2\/pages"}],"about":[{"href":"https:\/\/alternative2017.eu\/index.php\/wp-json\/wp\/v2\/types\/page"}],"author":[{"embeddable":true,"href":"https:\/\/alternative2017.eu\/index.php\/wp-json\/wp\/v2\/users\/1"}],"replies":[{"embeddable":true,"href":"https:\/\/alternative2017.eu\/index.php\/wp-json\/wp\/v2\/comments?post=139"}],"version-history":[{"count":34,"href":"https:\/\/alternative2017.eu\/index.php\/wp-json\/wp\/v2\/pages\/139\/revisions"}],"predecessor-version":[{"id":295,"href":"https:\/\/alternative2017.eu\/index.php\/wp-json\/wp\/v2\/pages\/139\/revisions\/295"}],"wp:attachment":[{"href":"https:\/\/alternative2017.eu\/index.php\/wp-json\/wp\/v2\/media?parent=139"}],"curies":[{"name":"wp","href":"https:\/\/api.w.org\/{rel}","templated":true}]}}