{"id":301,"date":"2016-10-25T14:38:48","date_gmt":"2016-10-25T13:38:48","guid":{"rendered":"http:\/\/alternative2017.eu\/?page_id=301"},"modified":"2016-11-06T22:59:55","modified_gmt":"2016-11-06T21:59:55","slug":"rendez-vous","status":"publish","type":"page","link":"https:\/\/alternative2017.eu\/index.php\/rendez-vous\/","title":{"rendered":"Rendez-vous"},"content":{"rendered":"<p>Apr\u00e8s avoir \u00e9labor\u00e9 notre programme Alternative 2017 et nos listes de candidats dans les conseils de fa\u00e7on coll\u00e9giale, nous viendrons \u00e0 votre rencontre \u00e0 partir du 3 novembre, pour r\u00e9pondre aux questions de la communaut\u00e9 universitaire.<\/p>\n<p style=\"text-align: center;\">jeudi 03 novembre 12h30<br \/>\n<strong>Conf\u00e9rence de presse ouverte \u00e0 tous<br \/>\n<\/strong>Lieu : Campus Esplanade &#8211; Nouveau Patio, salle des th\u00e8ses<strong><br \/>\n<\/strong><\/p>\n<p style=\"text-align: center;\">vendredi 04 novembre 13h00<br \/>\nCampus : Cronenbourg et IUT Schiltigheim<br \/>\nLieu : Cronenbourg, Amphi Perey<\/p>\n<p style=\"text-align: center;\">lundi 07 novembre 12h30<br \/>\nCampus : Esplanade (secteur sciences et technologies)<br \/>\nLieu :  Facult\u00e9 de chimie, amphi Ourisson<\/p>\n<p style=\"text-align: center;\">lundi 07 novembre 17h30<br \/>\nCampus : Facult\u00e9 de m\u00e9decine<br \/>\nLieu : Facult\u00e9 de m\u00e9decine, B\u00e2timent 01, Grand Amphi<\/p>\n<p style=\"text-align: center;\">mardi 08 novembre 12h30<br \/>\nCampus : Facult\u00e9 de droit (secteur droit \u00e9conomie, gestion)<br \/>\nLieu : Facult\u00e9 de droit, salle 307<\/p>\n<p style=\"text-align: center;\">lundi 14 novembre 10h<br \/>\nCampus : Haguenau<br \/>\nLieu : IUT de Haguenau, salle B1TD02 (1er \u00e9tage, b\u00e2t. B)<\/p>\n<p style=\"text-align: center;\">lundi 14 novembre 12h30<br \/>\nCampus : Illkirch<br \/>\nLieu : B\u00e2timent commun ESBS et TPS, salle A302<\/p>\n<p style=\"text-align: center;\">mardi 15 novembre 12h30<br \/>\nCampus : Esplanade (secteur lettres, science humaines et sociales)<br \/>\nLieu : Esplanade, Nouveau Patio, salle des th\u00e8ses<\/p>\n<p style=\"text-align: center;\">mercredi 16 novembre 12h30<br \/>\nCampus : Central &#8211; PEGE<br \/>\nLieu : PEGE, amphi commun FSEG et EM<\/p>\n","protected":false},"excerpt":{"rendered":"<p>Apr\u00e8s avoir \u00e9labor\u00e9 notre programme Alternative 2017 et nos listes de candidats dans les conseils de fa\u00e7on coll\u00e9giale, nous viendrons \u00e0 votre rencontre \u00e0 partir du 3 novembre, pour r\u00e9pondre aux questions de la communaut\u00e9 universitaire. jeudi 03 novembre 12h30 Conf\u00e9rence de presse ouverte \u00e0 tous Lieu : Campus Esplanade &#8211; Nouveau Patio, salle des [&hellip;]<\/p>\n","protected":false},"author":1,"featured_media":0,"parent":0,"menu_order":0,"comment_status":"closed","ping_status":"closed","template":"","meta":{"jetpack_post_was_ever_published":false,"footnotes":""},"jetpack_sharing_enabled":true,"jetpack_shortlink":"https:\/\/wp.me\/P85Sjy-4R","jetpack_likes_enabled":true,"_links":{"self":[{"href":"https:\/\/alternative2017.eu\/index.php\/wp-json\/wp\/v2\/pages\/301"}],"collection":[{"href":"https:\/\/alternative2017.eu\/index.php\/wp-json\/wp\/v2\/pages"}],"about":[{"href":"https:\/\/alternative2017.eu\/index.php\/wp-json\/wp\/v2\/types\/page"}],"author":[{"embeddable":true,"href":"https:\/\/alternative2017.eu\/index.php\/wp-json\/wp\/v2\/users\/1"}],"replies":[{"embeddable":true,"href":"https:\/\/alternative2017.eu\/index.php\/wp-json\/wp\/v2\/comments?post=301"}],"version-history":[{"count":23,"href":"https:\/\/alternative2017.eu\/index.php\/wp-json\/wp\/v2\/pages\/301\/revisions"}],"predecessor-version":[{"id":429,"href":"https:\/\/alternative2017.eu\/index.php\/wp-json\/wp\/v2\/pages\/301\/revisions\/429"}],"wp:attachment":[{"href":"https:\/\/alternative2017.eu\/index.php\/wp-json\/wp\/v2\/media?parent=301"}],"curies":[{"name":"wp","href":"https:\/\/api.w.org\/{rel}","templated":true}]}}