{"id":354,"date":"2016-11-06T19:42:18","date_gmt":"2016-11-06T18:42:18","guid":{"rendered":"http:\/\/alternative2017.eu\/?page_id=354"},"modified":"2016-11-20T18:00:45","modified_gmt":"2016-11-20T17:00:45","slug":"candidats","status":"publish","type":"page","link":"https:\/\/alternative2017.eu\/index.php\/candidats\/","title":{"rendered":"Nos candidats"},"content":{"rendered":"<\/ol>\n<p><a name=\"CA\"><\/a><H3>Conseil d&rsquo;Administration (CA)<\/H3><\/p>\n<ol>\n<\/ol>\n<p><a name=\"CAA\"><\/a><H6>Coll\u00e8ge A : Professeurs et personnels assimil\u00e9s<\/H6><\/p>\n<ol>\n<li><strong>H\u00e9l\u00e8ne Michel &#8211; \u00c9lue<\/strong><BR\/><small style=\"display:inline-block; line-height:1.5;\">PU en Sciences politiques <BR\/>Institut d&rsquo;\u00c9tudes Politiques, SAGE &#8211; UMR 7363<BR\/>Directrice SAGE<\/small><\/li>\n<li><strong>Pierre Gilliot &#8211; \u00c9lu<\/strong><BR\/><small style=\"display:inline-block; line-height:1.5;\">DR en Optique, Nanotechnologie <BR\/>Institut de Physique et de Chimie des Mat\u00e9riaux de Strasbourg, IPCMS &#8211; UMR 7504<\/small><\/li>\n<li><strong>Dominique Guenot<\/strong><BR\/><small style=\"display:inline-block; line-height:1.5;\">DR en Biologie cellulaire <BR\/>Facult\u00e9 de M\u00e9decine, Progression tumorale et micro-environnement. Approches translationnelles et \u00e9pid\u00e9miologie &#8211; EA 3430<BR\/>Directrice EA3430<\/small><\/li>\n<li><strong>Thierry Grass<\/strong><BR\/><small style=\"display:inline-block; line-height:1.5;\">PU en Allemand <BR\/>Facult\u00e9 des Langues et Sciences Humaines Appliqu\u00e9es, LiLPA &#8211; EA 1339<BR\/>Doyen de la Facult\u00e9<\/small><\/li>\n<li><strong>Annie Kuyumcuyan<\/strong><BR\/><small style=\"display:inline-block; line-height:1.5;\">PU en Sciences du langage <BR\/>Facult\u00e9 des Lettres, LiLPA &#8211; EA 1339<BR\/>Directrice ER Scolia <\/small><\/li>\n<li><strong>Rutger Noot<\/strong><BR\/><small style=\"display:inline-block; line-height:1.5;\">PU en Math\u00e9matiques <BR\/>UFR de Math\u00e9matique et d&rsquo;Informatique, IRMA &#8211; UMR 7501<\/small><\/li>\n<li><strong>Genevi\u00e8ve Jolly<\/strong><BR\/><small style=\"display:inline-block; line-height:1.5;\">PU en Arts du spectacle <BR\/>Facult\u00e9 des Arts, ACCRA &#8211; EA 3402<BR\/>Directrice du d\u00e9partement Arts du spectacle<\/small><\/li>\n<li><strong>Jean-Luc Galzi<\/strong><BR\/><small style=\"display:inline-block; line-height:1.5;\">DR en Biotechnologie <BR\/>\u00c9cole Sup\u00e9rieure de Biotechnologie de Strasbourg, BSC &#8211; UMR 7242<BR\/>Directeur UMR 7242  <\/small><\/li>\n<\/ol>\n<p><a name=\"CAB\"><\/a><H6>Coll\u00e8ge B : Autres enseignants chercheurs, enseignants et personnels assimil\u00e9s<\/H6><\/p>\n<ol>\n<li><strong>Christine Vespa &#8211; \u00c9lue<\/strong><BR\/><small style=\"display:inline-block; line-height:1.5;\">MCF HDR en Math\u00e9matiques <BR\/>UFR de Math\u00e9matique et d&rsquo;Informatique, IRMA &#8211; UMR 7501<BR\/>Membre du Conseil Documentaire<\/small><\/li>\n<li><strong>Franck Macrez &#8211; \u00c9lu<\/strong><a target=\"BLANK\" href=\"http:\/\/www.ceipi.edu\/index.php?id=7970\"><img decoding=\"async\" style=\"height:1em;\" src=\"http:\/\/alternative2017.eu\/wp-content\/uploads\/2016\/11\/Home-icon-24.png\"><\/a><BR\/><small style=\"display:inline-block; line-height:1.5;\">MCF HDR en Droit <BR\/>Centre d&rsquo;\u00c9tudes Internationales de la Propri\u00e9t\u00e9 Intellectuelle, CEIPI &#8211; EA 4375<\/small><\/li>\n<li><strong>Laurence Rasseneur &#8211; \u00c9lue<\/strong><BR\/><small style=\"display:inline-block; line-height:1.5;\">MCF en STAPS (Physiologie) <BR\/>Facult\u00e9 des Sciences du Sport, <BR\/>Responsable Licence Activit\u00e9s Physique Adapt\u00e9es Facult\u00e9 des Sciences du Sport, \u00e9lue bureau et conseil du SPACS, Repr\u00e9sentante du personnel au CHSCT <\/small><\/li>\n<li><strong>Julien Gossa &#8211; \u00c9lu<\/strong><BR\/><small style=\"display:inline-block; line-height:1.5;\">MCF en Informatique <BR\/>IUT Robert Schuman, ICube &#8211; UMR 7357<BR\/>Membre du CTE<\/small><\/li>\n<li><strong>Anne Rubin &#8211; \u00c9lue<\/strong><BR\/><small style=\"display:inline-block; line-height:1.5;\">MCF en Rh\u00e9ologie des surfaces de polym\u00e8res vitreux confin\u00e9s <BR\/>Facult\u00e9 de Physique et Ing\u00e9nierie, ICS &#8211; UPR 22<\/small><\/li>\n<li><strong>Juan Jos\u00e9 Torreiro-Lareo<\/strong><BR\/><small style=\"display:inline-block; line-height:1.5;\">PRAG en Sciences politiques <BR\/>Institut d&rsquo;\u00c9tudes Politiques, SAGE &#8211; UMR 7363<\/small><\/li>\n<li><strong>Sandra Boehringer<\/strong><BR\/><small style=\"display:inline-block; line-height:1.5;\">MCF en Histoire <BR\/>Facult\u00e9 des Sciences Historiques, ARCHIM\u00c8DE &#8211; UMR 7044<\/small><\/li>\n<li><strong>Jean-No\u00ebl Sanchez<\/strong><BR\/><small style=\"display:inline-block; line-height:1.5;\">MCF en Espagnol <BR\/>Facult\u00e9 des Langues et des Cultures \u00c9trang\u00e8res, ARCHE &#8211; EA 3400<\/small><\/li>\n<hr \/>\n<\/ol>\n<p><a name=\"CR\"><\/a><H3>Commission Recherche (CR)<\/H3><\/p>\n<ol>\n<\/ol>\n<p><a name=\"CRA1\"><\/a><H6>Coll\u00e8ge A1 : Professeurs et personnels assimil\u00e9s, secteur DEG<\/H6><\/p>\n<ol>\n<li><strong>Rapha\u00ebl Eckert &#8211; \u00c9lu<\/strong><BR\/><small style=\"display:inline-block; line-height:1.5;\">PU en Histoire du droit et des institutions <BR\/>Facult\u00e9 de Droit, de Sciences politiques et de Gestion, DRES &#8211; UMR 7354<BR\/>Directeur adjoint ED 101<\/small><\/li>\n<li><strong>Alice Tisserand-Martin<\/strong><BR\/><small style=\"display:inline-block; line-height:1.5;\">PU en Droit priv\u00e9 <BR\/>Facult\u00e9 de Droit, de Sciences politiques et de Gestion, CDPF &#8211; EA 1351<\/small><\/li>\n<\/ol>\n<p><a name=\"CRA2\"><\/a><H6>Coll\u00e8ge A2 : Professeurs et personnels assimil\u00e9s, secteur LSHS<\/H6><\/p>\n<ol>\n<li><strong>William Gasparini &#8211; \u00c9lu<\/strong><BR\/><small style=\"display:inline-block; line-height:1.5;\">PU en Sociologie\/STAPS <BR\/>Facult\u00e9 des Sciences du Sport, E3S &#8211; EA 1342<BR\/>Fellow USIAS (2013-2015) &#8211; Titulaire d&rsquo;une Chaire J. Monnet<\/small><\/li>\n<li><strong>Marine de Lassalle<\/strong><BR\/><small style=\"display:inline-block; line-height:1.5;\">PU en Sociologie <BR\/>Institut d&rsquo;\u00c9tudes Politiques, SAGE &#8211; UMR 7363<\/small><\/li>\n<li><strong>Nicolas Bourguinat<\/strong><BR\/><small style=\"display:inline-block; line-height:1.5;\">PU en Histoire contemporaine <BR\/>Facult\u00e9 des Sciences Historiques, ARCHE &#8211; EA 3400<BR\/>Directeur EA 3400 (2012-2016). Membre junior de l&rsquo;IUF (2003-2008)<\/small><\/li>\n<\/ol>\n<p><a name=\"CRA3\"><\/a><H6>Coll\u00e8ge A3 : Professeurs et personnels assimil\u00e9s, secteur ST<\/H6><\/p>\n<ol>\n<li><strong>Yann Bugeaud &#8211; \u00c9lu<\/strong><a target=\"BLANK\" href=\"http:\/\/www-irma.u-strasbg.fr\/~bugeaud\/\"><img decoding=\"async\" style=\"height:1em;\" src=\"http:\/\/alternative2017.eu\/wp-content\/uploads\/2016\/11\/Home-icon-24.png\"><\/a><BR\/><small style=\"display:inline-block; line-height:1.5;\">PU en Math\u00e9matiques  <BR\/>UFR de Math\u00e9matique et d&rsquo;Informatique, IRMA &#8211; UMR 7501<BR\/>Directeur IRMA UMR 7501, Membre junior de l&rsquo;IUF (2008-2013)<\/small><\/li>\n<li><strong>Ariane Lan\u00e7on &#8211; \u00c9lue<\/strong><BR\/><small style=\"display:inline-block; line-height:1.5;\">PU en Astrophysique <BR\/>Observatoire Astronomique de Strasbourg, Observatoire Astronomique de Strasbourg<\/small><\/li>\n<li><strong>Jean-Pierre Djukic &#8211; \u00c9lu<\/strong><BR\/><small style=\"display:inline-block; line-height:1.5;\">DR en Chimie syst\u00e9mique organo-metalliques <BR\/>, Institut de Chimie &#8211; UMR 7177<BR\/>Pr\u00e9sident du Conseil scientifique de l&rsquo;Institut de Chimie du CNRS<\/small><\/li>\n<li><strong>V\u00e9ronique Pierron-Bohnes<\/strong><a target=\"BLANK\" href=\"http:\/\/www.ipcms.unistra.fr\/?page_id=10425\"><img decoding=\"async\" style=\"height:1em;\" src=\"http:\/\/alternative2017.eu\/wp-content\/uploads\/2016\/11\/Home-icon-24.png\"><\/a><BR\/><small style=\"display:inline-block; line-height:1.5;\">DR en Physique <BR\/>Institut de Physique et Chimie des Mat\u00e9riaux de Strasbourg, IPCMS &#8211; UMR 7504<BR\/>Resp. \u00e9quipe &lsquo;magn\u00e9tisme des nanostructures&rsquo; + pr\u00e9s. comm. &lsquo;Femmes et Physique&rsquo; de la SFP<\/small><\/li>\n<li><strong>Christophe Lallement<\/strong><BR\/><small style=\"display:inline-block; line-height:1.5;\">PU en Micro-\u00e9lectronique <BR\/>T\u00e9l\u00e9com Physique Strasbourg, ICube &#8211; UMR 7357<BR\/>Responsable de l&rsquo;\u00e9quipe SMH (ICube)<\/small><\/li>\n<li><strong>Nalini Anantharaman<\/strong><BR\/><small style=\"display:inline-block; line-height:1.5;\">PU en Math\u00e9matiques  <BR\/>UFR de Math\u00e9matique et d&rsquo;Informatique, IRMA &#8211; UMR 7501<BR\/>M\u00e9daille d&rsquo;argent du CNRS, fellow USIAS<\/small><\/li>\n<li><strong>Renaud Toussaint<\/strong><a target=\"BLANK\" href=\"http:\/\/eost.unistra.fr\/renaud\"><img decoding=\"async\" style=\"height:1em;\" src=\"http:\/\/alternative2017.eu\/wp-content\/uploads\/2016\/11\/Home-icon-24.png\"><\/a><BR\/><small style=\"display:inline-block; line-height:1.5;\">DR en G\u00e9ophysique exp\u00e9rimentale <BR\/>\u00c9cole et Observatoire des Sciences de la Terre, IPGS &#8211; UMR 7516<BR\/>Responsable de l&rsquo;\u00e9quipe G\u00e9ophysique Exp\u00e9rimentale<\/small><\/li>\n<\/ol>\n<p><a name=\"CRA4\"><\/a><H6>Coll\u00e8ge A4 : Professeurs et personnels assimil\u00e9s, secteur Sant\u00e9<\/H6><\/p>\n<ol>\n<li><strong>St\u00e9phane Viville &#8211; \u00c9lu<\/strong><BR\/><small style=\"display:inline-block; line-height:1.5;\">PU-PH en Biologie de la reproduction <BR\/>Facult\u00e9 de M\u00e9decine, DIHP &#8211; EA 7292<\/small><\/li>\n<li><strong>Sybille Facca<\/strong><a target=\"BLANK\" href=\"http:\/\/webmed.u-strasbg.fr\/fre\/Recherche\/Liste-des-Hospitalo-Universitaires\/FACCA\"><img decoding=\"async\" style=\"height:1em;\" src=\"http:\/\/alternative2017.eu\/wp-content\/uploads\/2016\/11\/Home-icon-24.png\"><\/a><BR\/><small style=\"display:inline-block; line-height:1.5;\">PU-PH en M\u00e9decine <BR\/>Facult\u00e9 de m\u00e9decine, ICube &#8211; UMR 7357<\/small><\/li>\n<\/ol>\n<p><a name=\"CRB1\"><\/a><H6>Coll\u00e8ge B1 : Personnels habilit\u00e9s \u00e0 diriger des recherches, secteur DEG<\/H6><\/p>\n<ol>\n<li><strong>Marie-Pierre Camproux Duffrene &#8211; \u00c9lue<\/strong><BR\/><small style=\"display:inline-block; line-height:1.5;\">MCF HDR en Droit priv\u00e9 <BR\/>Facult\u00e9 de Droit, de Sciences politiques et de Gestion, SAGE &#8211; UMR 7363<\/small><\/li>\n<\/ol>\n<p><a name=\"CRB2\"><\/a><H6>Coll\u00e8ge B2 : Personnels habilit\u00e9s \u00e0 diriger des recherches, secteur LSHS<\/H6><\/p>\n<ol>\n<li><strong>Corinne Grenouillet &#8211; \u00c9lue<\/strong><a target=\"BLANK\" href=\"http:\/\/ea1337.unistra.fr\/ceriel\/enseignants-chercheurs-du-ceriel\/corinne-grenouillet\/\"><img decoding=\"async\" style=\"height:1em;\" src=\"http:\/\/alternative2017.eu\/wp-content\/uploads\/2016\/11\/Home-icon-24.png\"><\/a><BR\/><small style=\"display:inline-block; line-height:1.5;\">MCF HDR en Litt\u00e9rature fran\u00e7aise <BR\/>Facult\u00e9 des Lettres, CELAR &#8211; EA 1337<BR\/>Membre du conseil de Facult\u00e9, co-responsable de l&rsquo;ER Ceriel, responsable de la licence Lettres modernes<\/small><\/li>\n<\/ol>\n<p><a name=\"CRB3\"><\/a><H6>Coll\u00e8ge B3 : Personnels habilit\u00e9s \u00e0 diriger des recherches, secteur ST<\/H6><\/p>\n<ol>\n<li><strong>Thierry Pradier &#8211; \u00c9lu<\/strong><a target=\"BLANK\" href=\"http:\/\/antares.in2p3.fr\/users\/pradier\"><img decoding=\"async\" style=\"height:1em;\" src=\"http:\/\/alternative2017.eu\/wp-content\/uploads\/2016\/11\/Home-icon-24.png\"><\/a><BR\/><small style=\"display:inline-block; line-height:1.5;\">MCF HDR en Physique <BR\/>Facult\u00e9 de Physique et Ing\u00e9nierie, IPHC &#8211; UMR 7178<BR\/>Membre du Conseil de Facult\u00e9 ; Membre du Conseil Scientifique du \u00ab Programme National Haute Energie \u00bb<\/small><\/li>\n<li><strong>Christine Huyghe<\/strong><BR\/><small style=\"display:inline-block; line-height:1.5;\">CR HDR en Math\u00e9matiques  <BR\/>UFR de Math\u00e9matique et d&rsquo;Informatique, IRMA &#8211; UMR 7501<\/small><\/li>\n<li><strong>Fabrice Theoleyre<\/strong><a target=\"BLANK\" href=\"http:\/\/clarinet.u-strasbg.fr\/~theoleyre\/\"><img decoding=\"async\" style=\"height:1em;\" src=\"http:\/\/alternative2017.eu\/wp-content\/uploads\/2016\/11\/Home-icon-24.png\"><\/a><BR\/><small style=\"display:inline-block; line-height:1.5;\">CR HDR en Informatique <BR\/>T\u00e9l\u00e9com Physique Strasbourg, ICube &#8211; UMR 7357<BR\/>Secr\u00e9taire scientifique du conseil scientifique de l&rsquo;INS2I du CNRS<\/small><\/li>\n<\/ol>\n<p><a name=\"CRC1\"><\/a><H6>Coll\u00e8ge C1 : Personnels titulaires du doctorat, secteur DEG<\/H6><\/p>\n<ol>\n<li><strong>J\u00e9r\u00e9my Sinigaglia &#8211; \u00c9lu<\/strong><BR\/><small style=\"display:inline-block; line-height:1.5;\">MCF en Science politique <BR\/>Institut d&rsquo;\u00c9tudes Politiques, SAGE &#8211; UMR 7363<\/small><\/li>\n<\/ol>\n<p><a name=\"CRC2\"><\/a><H6>Coll\u00e8ge C2 : Personnels titulaires du doctorat, secteur LSHS<\/H6><\/p>\n<ol>\n<li><strong>Jean-Paul Meyer &#8211; \u00c9lu<\/strong><a target=\"BLANK\" href=\"http:\/\/lilpa.unistra.fr\/ddl\/membres\/chercheurs\/jean-paul-meyer\/\"><img decoding=\"async\" style=\"height:1em;\" src=\"http:\/\/alternative2017.eu\/wp-content\/uploads\/2016\/11\/Home-icon-24.png\"><\/a><BR\/><small style=\"display:inline-block; line-height:1.5;\">MCF en Sciences du langage <BR\/>Facult\u00e9 des Lettres, LiLPA &#8211; EA 1339<BR\/>Responsable de l&rsquo;ER Didactique des langues<\/small><\/li>\n<\/ol>\n<p><a name=\"CRC3\"><\/a><H6>Coll\u00e8ge C3 : Personnels titulaires du doctorat, secteur ST<\/H6><\/p>\n<ol>\n<li><strong>Matthieu Boileau &#8211; \u00c9lu<\/strong><BR\/><small style=\"display:inline-block; line-height:1.5;\">IR en Math\u00e9matiques <BR\/>Institut de Recherche Math\u00e9matique Avanc\u00e9e, IRMA &#8211; UMR 7501<\/small><\/li>\n<li><strong>Agn\u00e8s Braud &#8211; \u00c9lue<\/strong><BR\/><small style=\"display:inline-block; line-height:1.5;\">MCF en Informatique <BR\/>IUT Robert Schuman, ICube &#8211; UMR 7357<BR\/>\u00c9lue au Comit\u00e9 National, section 06<\/small><\/li>\n<li><strong>Andr\u00e9 Schroder<\/strong><BR\/><small style=\"display:inline-block; line-height:1.5;\">CR en Physique <BR\/>Facult\u00e9 de Physique et Ing\u00e9nierie, ICS CNRS UPR22<\/small><\/li>\n<\/ol>\n<p><a name=\"CRD\"><\/a><H6>Coll\u00e8ge D : Autres enseignants-chercheurs, enseignants, chercheurs et personnels assimil\u00e9s<\/H6><\/p>\n<ol>\n<li><strong>Christoph Goichon &#8211; \u00c9lu<\/strong><BR\/><small style=\"display:inline-block; line-height:1.5;\">CDD en Allemand <BR\/>\u00c9cole europ\u00e9enne de chimie, polym\u00e8res et mat\u00e9riaux de Strasbourg, <\/small><\/li>\n<li><strong>Rocio Munguia-Aguilar<\/strong><BR\/><small style=\"display:inline-block; line-height:1.5;\">Doctorante en Lettres <BR\/>Facult\u00e9 des Lettres, <\/small><\/li>\n<hr \/>\n<\/ol>\n<p><a name=\"CFVU\"><\/a><H3>Commission Formation et Vie Universitaire (CFVU)<\/H3><\/p>\n<ol>\n<\/ol>\n<p><a name=\"CFVUA1\"><\/a><H6>Coll\u00e8ge A1 : Professeurs et personnels assimil\u00e9s, secteur DEG<\/H6><\/p>\n<ol>\n<li><strong>Thierry Burger-Helmchen &#8211; \u00c9lu<\/strong><a target=\"BLANK\" href=\"http:\/\/www.beta-umr7522.fr\/-BURGER-HELMCHEN-Thierry\"><img decoding=\"async\" style=\"height:1em;\" src=\"http:\/\/alternative2017.eu\/wp-content\/uploads\/2016\/11\/Home-icon-24.png\"><\/a><BR\/><small style=\"display:inline-block; line-height:1.5;\">PU en Sciences de gestion <BR\/>\u00c9cole de Management Strasbourg, BETA &#8211; UMR 7522<BR\/>Doyen de la Facult\u00e9 des sciences \u00e9conomiques et de gestion<\/small><\/li>\n<li><strong>Estelle Naudin<\/strong><BR\/><small style=\"display:inline-block; line-height:1.5;\">PU en Droit priv\u00e9 <BR\/>Facult\u00e9 de Droit, de Sciences politiques et de Gestion, <\/small><\/li>\n<\/ol>\n<p><a name=\"CFVUA2\"><\/a><H6>Coll\u00e8ge A2 : Professeurs et personnels assimil\u00e9s, secteur LSHS<\/H6><\/p>\n<ol>\n<li><strong>Sylvain Schirmann &#8211; \u00c9lu<\/strong><BR\/><small style=\"display:inline-block; line-height:1.5;\">PU en Histoire contemporaine <BR\/>Institut d&rsquo;\u00c9tudes Politiques, DynamE &#8211; UMR 7367<BR\/>Directeur IEP (2006-2015)<\/small><\/li>\n<li><strong>Muriel Ott<\/strong><BR\/><small style=\"display:inline-block; line-height:1.5;\">PU en Litt\u00e9rature fran\u00e7aise <BR\/>Facult\u00e9 des Lettres, CELAR &#8211; EA 1337<\/small><\/li>\n<\/ol>\n<p><a name=\"CFVUA3\"><\/a><H6>Coll\u00e8ge A3 : Professeurs et personnels assimil\u00e9s, secteur ST<\/H6><\/p>\n<ol>\n<li><strong>Emmanuel  Caillaud &#8211; \u00c9lu<\/strong><BR\/><small style=\"display:inline-block; line-height:1.5;\">PU en G\u00e9nie industriel <BR\/>Facult\u00e9 de Physique et Ing\u00e9nierie, ICube &#8211; UMR 7357<BR\/>Ancien Vice-Pr\u00e9sident CEVU<\/small><\/li>\n<li><strong>Marguerite Barzoukas<\/strong><BR\/><small style=\"display:inline-block; line-height:1.5;\">PU en Physique <BR\/>Facult\u00e9 de Physique et Ing\u00e9nierie, <\/small><\/li>\n<\/ol>\n<p><a name=\"CFVUA4\"><\/a><H6>Coll\u00e8ge A4 : Professeurs et personnels assimil\u00e9s, secteur Sant\u00e9<\/H6><\/p>\n<ol>\n<li><strong>Erik-Andr\u00e9 Sauleau &#8211; \u00c9lu<\/strong><BR\/><small style=\"display:inline-block; line-height:1.5;\">PU-PH en Biostatistique, informatique m\u00e9dicale et technologies de la communication <BR\/>Facult\u00e9 de m\u00e9decine, ICube &#8211; UMR 7357<\/small><\/li>\n<li><strong>Sybille Facca<\/strong><a target=\"BLANK\" href=\"http:\/\/webmed.u-strasbg.fr\/fre\/Recherche\/Liste-des-Hospitalo-Universitaires\/FACCA\"><img decoding=\"async\" style=\"height:1em;\" src=\"http:\/\/alternative2017.eu\/wp-content\/uploads\/2016\/11\/Home-icon-24.png\"><\/a><BR\/><small style=\"display:inline-block; line-height:1.5;\">PU-PH en M\u00e9decine <BR\/>Facult\u00e9 de m\u00e9decine, ICube &#8211; UMR 7357<\/small><\/li>\n<\/ol>\n<p><a name=\"CFVUB1\"><\/a><H6>Coll\u00e8ge B1 : Autres enseignants-chercheurs, enseignants et personnels, secteur DEG<\/H6><\/p>\n<ol>\n<li><strong>Pascale Peccavy &#8211; \u00c9lue<\/strong><BR\/><small style=\"display:inline-block; line-height:1.5;\">CDD en Sciences \u00e9conomiques <BR\/>Institut de Pr\u00e9paration \u00e0 l&rsquo;Administration G\u00e9n\u00e9rale, <BR\/>Responsable du programme Egalit\u00e9 des Chances <\/small><\/li>\n<li><strong>Jean-Paul Villette<\/strong><a target=\"BLANK\" href=\"http:\/\/www.beta-umr7522.fr\/-VILLETTE-Jean-Paul-\"><img decoding=\"async\" style=\"height:1em;\" src=\"http:\/\/alternative2017.eu\/wp-content\/uploads\/2016\/11\/Home-icon-24.png\"><\/a><BR\/><small style=\"display:inline-block; line-height:1.5;\">MCF en Sciences \u00e9conomiques <BR\/>Facult\u00e9 des Sciences \u00c9conomiques et de Gestion, BETA &#8211; UMR 7522<\/small><\/li>\n<\/ol>\n<p><a name=\"CFVUB2\"><\/a><H6>Coll\u00e8ge B2 : Autres enseignants-chercheurs, enseignants et personnels, secteur LSHS<\/H6><\/p>\n<ol>\n<li><strong>Christian Jacques &#8211; \u00c9lu<\/strong><BR\/><small style=\"display:inline-block; line-height:1.5;\">MCF en Allemand <BR\/>Facult\u00e9 des Langues et des Cultures \u00c9trang\u00e8res, <BR\/>Directeur du d\u00e9partement Allemand (FLCE)<\/small><\/li>\n<li><strong>Patricia Caill\u00e9<\/strong><BR\/><small style=\"display:inline-block; line-height:1.5;\">MCF en Anglais <BR\/>IUT Robert Schuman, CREM &#8211; EA 3476<\/small><\/li>\n<\/ol>\n<p><a name=\"CFVUB3\"><\/a><H6>Coll\u00e8ge B3 : Autres enseignants-chercheurs, enseignants et personnels, secteur ST<\/H6><\/p>\n<ol>\n<li><strong>Marc Wambst &#8211; \u00c9lu<\/strong><BR\/><small style=\"display:inline-block; line-height:1.5;\">MCF HDR en Math\u00e9matiques <BR\/>UFR de Math\u00e9matique et d&rsquo;Informatique, IRMA &#8211; UMR 7501<\/small><\/li>\n<li><strong>Stella Marc-Zwecker<\/strong><BR\/><small style=\"display:inline-block; line-height:1.5;\">MCF en Informatique <BR\/>UFR de Math\u00e9matique et d&rsquo;Informatique, ICube &#8211; UMR 7357<\/small><\/li>\n","protected":false},"excerpt":{"rendered":"<p>Conseil d&rsquo;Administration (CA) Coll\u00e8ge A : Professeurs et personnels assimil\u00e9s H\u00e9l\u00e8ne Michel &#8211; \u00c9luePU en Sciences politiques Institut d&rsquo;\u00c9tudes Politiques, SAGE &#8211; UMR 7363Directrice SAGE Pierre Gilliot &#8211; \u00c9luDR en Optique, Nanotechnologie Institut de Physique et de Chimie des Mat\u00e9riaux de Strasbourg, IPCMS &#8211; UMR 7504 Dominique GuenotDR en Biologie cellulaire Facult\u00e9 de M\u00e9decine, Progression [&hellip;]<\/p>\n","protected":false},"author":1,"featured_media":0,"parent":0,"menu_order":0,"comment_status":"closed","ping_status":"closed","template":"","meta":{"jetpack_post_was_ever_published":false,"footnotes":""},"jetpack_sharing_enabled":true,"jetpack_shortlink":"https:\/\/wp.me\/P85Sjy-5I","jetpack_likes_enabled":true,"_links":{"self":[{"href":"https:\/\/alternative2017.eu\/index.php\/wp-json\/wp\/v2\/pages\/354"}],"collection":[{"href":"https:\/\/alternative2017.eu\/index.php\/wp-json\/wp\/v2\/pages"}],"about":[{"href":"https:\/\/alternative2017.eu\/index.php\/wp-json\/wp\/v2\/types\/page"}],"author":[{"embeddable":true,"href":"https:\/\/alternative2017.eu\/index.php\/wp-json\/wp\/v2\/users\/1"}],"replies":[{"embeddable":true,"href":"https:\/\/alternative2017.eu\/index.php\/wp-json\/wp\/v2\/comments?post=354"}],"version-history":[{"count":63,"href":"https:\/\/alternative2017.eu\/index.php\/wp-json\/wp\/v2\/pages\/354\/revisions"}],"predecessor-version":[{"id":411,"href":"https:\/\/alternative2017.eu\/index.php\/wp-json\/wp\/v2\/pages\/354\/revisions\/411"}],"wp:attachment":[{"href":"https:\/\/alternative2017.eu\/index.php\/wp-json\/wp\/v2\/media?parent=354"}],"curies":[{"name":"wp","href":"https:\/\/api.w.org\/{rel}","templated":true}]}}