{"id":396,"date":"2016-11-04T15:01:44","date_gmt":"2016-11-04T14:01:44","guid":{"rendered":"http:\/\/alternative2017.eu\/?page_id=396"},"modified":"2016-11-12T15:05:45","modified_gmt":"2016-11-12T14:05:45","slug":"profession-de-foi","status":"publish","type":"page","link":"https:\/\/alternative2017.eu\/index.php\/profession-de-foi\/","title":{"rendered":"Profession de foi"},"content":{"rendered":"<p>Le 17 novembre, vous \u00eates appel\u00e9s \u00e0 \u00e9lire vos repr\u00e9sentants \u00e0 la Commission de la Recherche, \u00e0 la Commission de la Formation et de la Vie Universitaire et au Conseil d\u2019Administration (CA). Avec les 6 \u00e9lus du coll\u00e8ge personnels BIATSS, les 6 \u00e9lus du coll\u00e8ge \u00e9tudiants et les 8 personnalit\u00e9s ext\u00e9rieures, vos 16 \u00e9lus au CA \u00a0\u00e9liront la pr\u00e9sidente ou le pr\u00e9sident de l\u2019Universit\u00e9 de Strasbourg.<\/p>\n<p>Les candidats des listes <b>Alternative 2017<\/b> portent un projet \u00e0 la fois ambitieux et r\u00e9aliste, centr\u00e9 sur nos missions fondamentales que sont l\u2019enseignement et la recherche. \u00a0Ils soutiennent la candidature d\u2019H\u00e9l\u00e8ne Michel, t\u00eate de liste Alternative 2017 dans le coll\u00e8ge A au CA, \u00e0 la pr\u00e9sidence de l\u2019Universit\u00e9 de Strasbourg.<\/p>\n<p>Avec elle et les candidats des listes Alternative 2017, apr\u00e8s huit ans d\u2019une politique qui a montr\u00e9 ses limites, vous<b> avez le choix.<\/b><\/p>\n<p>Le choix de donner un nouveau souffle \u00e0 l\u2019Universit\u00e9 de Strasbourg avec une \u00e9quipe renouvel\u00e9e, soucieuse de mettre en \u0153uvre un programme issu de la communaut\u00e9 universitaire.<\/p>\n<ul>\n<li>Les candidats des listes Alternative 2017 sont des coll\u00e8gues au plus pr\u00e8s des r\u00e9alit\u00e9s des composantes et des unit\u00e9s de recherche et reconnaissent le r\u00f4le de tous les acteurs de l\u2019universit\u00e9 -\u00e9tudiants, BIATSS, chercheurs, enseignants-chercheurs et enseignants- dans le fonctionnement, comme dans les succ\u00e8s, de notre universit\u00e9.<\/li>\n<li>Ils s\u2019engagent \u00e0 \u00eatre \u00e0 l\u2019\u00e9coute, avec bienveillance, de la communaut\u00e9 universitaire pour l\u2019accompagner dans ses projets. Dans la confiance et la coop\u00e9ration, ils respecteront la diversit\u00e9 des composantes et des unit\u00e9s de recherche.<\/li>\n<li>L\u2019\u00e9quipe de direction qui sera propos\u00e9e s\u2019appuiera sur les conseils centraux qui exerceront pleinement leur r\u00f4le de d\u00e9finition et de contr\u00f4le de la politique universitaire.<\/li>\n<\/ul>\n<p><b>Le choix d\u2019am\u00e9liorer vos conditions de travail dans les composantes et dans les unit\u00e9s de recherche.<\/b> Les candidats des listes Alternative 2017 s\u2019engagent \u00e0 :<\/p>\n<ul>\n<li>am\u00e9liorer les conditions mat\u00e9rielles de travail, en r\u00e9novant les locaux v\u00e9tustes et en assurant la qualit\u00e9 du cadre de vie sur les campus ;<\/li>\n<li>r\u00e9duire les charges administratives qui p\u00e8sent sur les activit\u00e9s des chercheurs et des enseignants en all\u00e9geant les proc\u00e9dures et les \u00e9valuations ;<\/li>\n<li>r\u00e9duire la concurrence entre coll\u00e8gues, entre composantes et laboratoires, en favorisant au contraire les coop\u00e9rations. Cela passe par davantage de financements p\u00e9rennes, permettant de penser nos missions sur le temps long, au d\u00e9triment de la multiplication des appels \u00e0 projets ;<\/li>\n<li>mettre fin \u00e0 la politique de gel des postes et ouvrir progressivement le recrutement, en red\u00e9ployant les postes des personnels enseignants et BIATSS au plus pr\u00e8s des missions et des besoins dans les composantes et les services.<\/li>\n<\/ul>\n<p><b>Le choix de restaurer la transparence dans la d\u00e9finition des orientations universitaires, dans l\u2019attribution des financements et dans l\u2019\u00e9valuation des r\u00e9alisations.<\/b> Les candidats des listes Alternative 2017 s\u2019engagent \u00e0\u00a0:<\/p>\n<ul>\n<li>redonner aux conseils centraux toute leur place dans le processus d\u00e9cisionnel ;<\/li>\n<li>repenser, selon des crit\u00e8res clairs et connus de tous, le mode de r\u00e9partition des cr\u00e9dits de recherche et d\u2019enseignement ;<\/li>\n<li>clarifier l&rsquo;attribution des financements de l\u2019IdEx ;<\/li>\n<li>rendre r\u00e9guli\u00e8rement des comptes \u00e0 la communaut\u00e9 universitaire.<\/li>\n<\/ul>\n<p><b>Le choix d\u2019une politique de formation ambitieuse, et pas seulement \u00ab soutenable \u00bb, permettant d\u2019accueillir les \u00e9tudiants dans de meilleures conditions.<\/b> Les candidats des listes Alternative 2017 s\u2019engagent \u00e0\u00a0:<\/p>\n<ul>\n<li>mobiliser les moyens disponibles pour mettre fin \u00e0 l\u2019aust\u00e9rit\u00e9 pratiqu\u00e9e depuis 2012 qui a eu un impact regrettable sur l\u2019offre de formation et la r\u00e9ussite des \u00e9tudiants ;<\/li>\n<li>affecter les volumes horaires n\u00e9cessaires aux enseignements de licence. Des groupes de travaux dirig\u00e9s \u00e0 plus de 50 \u00e9tudiants sont une v\u00e9ritable aberration ;<\/li>\n<li>r\u00e9server les mutualisations \u00e0 des objectifs p\u00e9dagogiques d\u00e9finis par les \u00e9quipes enseignantes ;<\/li>\n<li>redonner aux composantes les moyens n\u00e9cessaires \u00e0 la r\u00e9alisation de leur mission de formation. \u00ab L\u2019innovation p\u00e9dagogique \u00bb ne pourra pas seule compenser le manque d\u2019encadrement et des conditions mat\u00e9rielles d\u00e9faillantes.<\/li>\n<\/ul>\n<p><b>Le choix de permettre \u00e0 toutes les \u00e9quipes de recherche de d\u00e9velopper une activit\u00e9 exigeante et ambitieuse.<\/b> L\u2019Universit\u00e9 de Strasbourg poss\u00e8de un capital de recherche exceptionnel en qualit\u00e9 et en diversit\u00e9. Les \u00e9quipes de recherche sont le premier niveau d\u2019\u00e9laboration de ce bien commun. Pour d\u00e9velopper ce potentiel, les candidats des listes Alternative 2017 s\u2019engagent \u00e0\u00a0:<\/p>\n<ul>\n<li>augmenter les cr\u00e9dits r\u00e9currents de sorte que les unit\u00e9s de recherche soient moins d\u00e9pendantes de la comp\u00e9tition organis\u00e9e par les proc\u00e9dures d\u2019appels \u00e0 projets, et qu\u2019elles puissent garder l\u2019initiative de la d\u00e9finition de leur politique scientifique ;<\/li>\n<li>d\u00e9velopper des emplois de soutien \u00e0 la recherche ;<\/li>\n<li>mener une r\u00e9flexion sur le financement des stages de master, afin de soulager de cette charge les budgets des laboratoires et garantir une formation de qualit\u00e9 avec une offre de stages \u00e9largie ;<\/li>\n<li>prendre position dans le d\u00e9bat national en faveur du renforcement des budgets r\u00e9currents comme de la simplification et de la clarification des processus d\u2019\u00e9valuation.<\/li>\n<\/ul>\n<p>L\u2019exigence et la qualit\u00e9 de la recherche et de l\u2019enseignement \u00e0 l\u2019Universit\u00e9 sont les priorit\u00e9s des candidats des listes Alternative 2017. Attach\u00e9s \u00e0 assurer le renouvellement des savoirs et \u00e0 proposer une offre de formation adapt\u00e9e aux besoins du monde actuel, ils se donnent pour objectif de b\u00e2tir une universit\u00e9 qui exercera pleinement ses missions de service public.<\/p>\n<p>Le 17 novembre, vous avez le choix d\u2019une autre politique pour une grande universit\u00e9 europ\u00e9enne reposant sur une tradition <b>humaniste, la\u00efque et scientifique, largement pluridisciplinaire et transdisciplinaire.<\/b><\/p>\n","protected":false},"excerpt":{"rendered":"<p>Le 17 novembre, vous \u00eates appel\u00e9s \u00e0 \u00e9lire vos repr\u00e9sentants \u00e0 la Commission de la Recherche, \u00e0 la Commission de la Formation et de la Vie Universitaire et au Conseil d\u2019Administration (CA). Avec les 6 \u00e9lus du coll\u00e8ge personnels BIATSS, les 6 \u00e9lus du coll\u00e8ge \u00e9tudiants et les 8 personnalit\u00e9s ext\u00e9rieures, vos 16 \u00e9lus au [&hellip;]<\/p>\n","protected":false},"author":1,"featured_media":0,"parent":0,"menu_order":0,"comment_status":"closed","ping_status":"closed","template":"","meta":{"jetpack_post_was_ever_published":false,"footnotes":""},"jetpack_sharing_enabled":true,"jetpack_shortlink":"https:\/\/wp.me\/P85Sjy-6o","jetpack_likes_enabled":true,"_links":{"self":[{"href":"https:\/\/alternative2017.eu\/index.php\/wp-json\/wp\/v2\/pages\/396"}],"collection":[{"href":"https:\/\/alternative2017.eu\/index.php\/wp-json\/wp\/v2\/pages"}],"about":[{"href":"https:\/\/alternative2017.eu\/index.php\/wp-json\/wp\/v2\/types\/page"}],"author":[{"embeddable":true,"href":"https:\/\/alternative2017.eu\/index.php\/wp-json\/wp\/v2\/users\/1"}],"replies":[{"embeddable":true,"href":"https:\/\/alternative2017.eu\/index.php\/wp-json\/wp\/v2\/comments?post=396"}],"version-history":[{"count":6,"href":"https:\/\/alternative2017.eu\/index.php\/wp-json\/wp\/v2\/pages\/396\/revisions"}],"predecessor-version":[{"id":473,"href":"https:\/\/alternative2017.eu\/index.php\/wp-json\/wp\/v2\/pages\/396\/revisions\/473"}],"wp:attachment":[{"href":"https:\/\/alternative2017.eu\/index.php\/wp-json\/wp\/v2\/media?parent=396"}],"curies":[{"name":"wp","href":"https:\/\/api.w.org\/{rel}","templated":true}]}}