{"id":55,"date":"2016-10-12T16:59:54","date_gmt":"2016-10-12T15:59:54","guid":{"rendered":"http:\/\/alternative2017.eu\/?page_id=55"},"modified":"2016-11-18T12:50:26","modified_gmt":"2016-11-18T11:50:26","slug":"soutiens","status":"publish","type":"page","link":"https:\/\/alternative2017.eu\/index.php\/soutiens\/","title":{"rendered":"Soutiens"},"content":{"rendered":"<p>Apportent leur soutien \u00e0 notre liste et ont pu participer aux discussions et \u00e0 l\u2019\u00e9laboration du programme :<\/p>\n<p><strong>Pia Acker<\/strong>, PRCE, Centre de Ressources de Langues<br \/>\n<strong>Nalini Anantharaman<\/strong>, PU, UFR de Math\u00e9matique et d&rsquo;Informatique<br \/>\n<strong>Patrick Anglard<\/strong>, DR, Facult\u00e9 de M\u00e9decine<br \/>\n<strong>Dominique Armspach<\/strong>, PU, IUT Robert Schuman<br \/>\n<strong>Antoine Aufray<\/strong>, MCF, Facult\u00e9 des Langues et Cultures Etrang\u00e8res<br \/>\n<strong>Anne-V\u00e9ronique Auzet<\/strong>, PU, Facult\u00e9 de G\u00e9ographie et d&rsquo;Am\u00e9nagement<br \/>\n<strong>Alberto Barsella<\/strong>, MCF HDR, Facult\u00e9 de Physique et Ing\u00e9nierie<br \/>\n<strong>Marguerite Barzoukas<\/strong>, PU, Facult\u00e9 de Physique et Ing\u00e9nierie<br \/>\n<strong>Claude Bauder<\/strong>, MCF HDR, \u00c9cole europ\u00e9enne de chimie, polym\u00e8res et mat\u00e9riaux de Strasbourg<br \/>\n<strong>Etienne Baudrier<\/strong>, MCF, UFR de Math\u00e9matique et d&rsquo;Informatique<br \/>\n<strong>St\u00e9phane Bellemin-Laponnaz<\/strong>, DR, Institut de Physique et Chimie des Mat\u00e9riaux de Strasbourg<br \/>\n<strong>C\u00e9line Benninger<\/strong>, MCF, Facult\u00e9 des Lettres<br \/>\n<strong>Olivier Benoist<\/strong>, CR, UFR de Math\u00e9matique et d&rsquo;Informatique<br \/>\n<strong>Florence Beno\u00eet-Rohmer<\/strong>, PU, Facult\u00e9 de Droit, de Sciences politiques et de Gestion<br \/>\n<strong>Barbara Bettazzoni<\/strong>, CDD, \u00c9cole de Management<br \/>\n<strong>Sandra Boehringer<\/strong>, MCF, Facult\u00e9 des Sciences Historiques<br \/>\n<strong>Matthieu Boileau<\/strong>, IR, Institut de Recherche Math\u00e9matique Avanc\u00e9e<br \/>\n<strong>Christian Bonah<\/strong>, PU, Facult\u00e9 de M\u00e9decine<br \/>\n<strong>Nicolas Bourguinat<\/strong>, PU, Facult\u00e9 des Sciences Historiques<br \/>\n<strong>Agn\u00e8s Braud<\/strong>, MCF, IUT Robert Schuman<br \/>\n<strong>Thomas Brunner<\/strong>, PRAG, Facult\u00e9 des Sciences Historiques<br \/>\n<strong>Yann Bugeaud<\/strong>, PU, UFR de Math\u00e9matique et d&rsquo;Informatique<br \/>\n<strong>Thierry Burger-Helmchen<\/strong>, PU, Facult\u00e9 des sciences \u00e9conomiques et de gestion<br \/>\n<strong>Richard Cabassut<\/strong>, MCF, \u00c9cole Sup\u00e9rieure du Professorat et de l&rsquo;\u00c9ducation<br \/>\n<strong>Emmanuel  Caillaud<\/strong>, PU, Facult\u00e9 de Physique et Ing\u00e9nierie<br \/>\n<strong>Patricia Caill\u00e9<\/strong>, MCF, IUT Robert Schuman<br \/>\n<strong>Annie Camenisch<\/strong>, MCF, \u00c9cole Sup\u00e9rieure du Professorat et de l&rsquo;\u00c9ducation<br \/>\n<strong>Marie-Pierre Camproux Duffrene<\/strong>, MCF HDR, Facult\u00e9 de Droit, de Sciences politiques et de Gestion<br \/>\n<strong>Peggy Candas<\/strong>, MCF, Facult\u00e9 des Langues et Cultures Etrang\u00e8res<br \/>\n<strong>Bernard Carri\u00e8re<\/strong>, PU \u00e9m\u00e9rite, \u00c9cole Europ\u00e9enne de Chimie, Polym\u00e8res et Mat\u00e9riaux<br \/>\n<strong>Fr\u00e9d\u00e9ric Chapoton<\/strong>, DR, UFR de Math\u00e9matique et d&rsquo;Informatique<br \/>\n<strong>Thierry Charitat<\/strong>, PU, Facult\u00e9 de Physique et Ing\u00e9nierie<br \/>\n<strong>Aur\u00e9lie Chon\u00e9<\/strong>, MCF HDR, Facult\u00e9 des Langues et Cultures Etrang\u00e8res<br \/>\n<strong>Roberto Dagnino<\/strong>, MCF, Facult\u00e9 des Langues et Cultures Etrang\u00e8res<br \/>\n<strong>Samuel Dagorne<\/strong>, DR, Institut de Chimie<br \/>\n<strong>Marine de Lassalle<\/strong>, PU, Institut d&rsquo;\u00c9tudes Politiques<br \/>\n<strong>Jean-Pierre Djukic<\/strong>, DR, Institut de Chimie<br \/>\n<strong>Sylvie Donnat<\/strong>, MCF, Facult\u00e9 des Sciences Historiques<br \/>\n<strong>Bertrand Donnio<\/strong>, DR, Institut de Physique et Chimie des Mat\u00e9riaux de Strasbourg<br \/>\n<strong>Vincent Dubois<\/strong>, PU, Soci\u00e9t\u00e9s, Acteurs, Gouvernement en Europe<br \/>\n<strong>Rapha\u00ebl Eckert<\/strong>, PU, Facult\u00e9 de Droit, de Sciences politiques et de Gestion<br \/>\n<strong>Mourad Elhabiri<\/strong>, DR, \u00c9cole europ\u00e9enne de chimie, polym\u00e8res et mat\u00e9riaux de Strasbourg<br \/>\n<strong>Michel Fabr\u00e9guet<\/strong>, PU, Institut d&rsquo;\u00c9tudes Politiques<br \/>\n<strong>Sybille Facca<\/strong>, PU-PH, Facult\u00e9 de m\u00e9decine<br \/>\n<strong>Justine Faure<\/strong>, MCF HDR, Institut d&rsquo;\u00c9tudes Politiques<br \/>\n<strong>Claude Forest<\/strong>, PU, Facult\u00e9 des Arts<br \/>\n<strong>Isabelle Fornasieri<\/strong>, MCF, Facult\u00e9 de psychologie<br \/>\n<strong>Charles Frances<\/strong>, PU, UFR de Math\u00e9matique et d&rsquo;Informatique<br \/>\n<strong>Jacques Franchi<\/strong>, PU, UFR de Math\u00e9matique et d&rsquo;Informatique<br \/>\n<strong>Nelly Frossard<\/strong>, DR, INSERM, Facult\u00e9 de Pharmacie<br \/>\n<strong>Jean-Louis Gallani<\/strong>, DR, Facult\u00e9 de Physique et Ing\u00e9nierie<br \/>\n<strong>Matthieu Gallart<\/strong>, MCF HDR, Facult\u00e9 de Physique et Ing\u00e9nierie<br \/>\n<strong>Jean-Luc Galzi<\/strong>, DR, \u00c9cole Sup\u00e9rieure de Biotechnologie de Strasbourg<br \/>\n<strong>William Gasparini<\/strong>, PU, Facult\u00e9 des Sciences du Sport<br \/>\n<strong>Francine Gerhard-Krait<\/strong>, MCF, Facult\u00e9 des Lettres<br \/>\n<strong>Nathalie Gettliffe<\/strong>, MCF, Facult\u00e9 des Langues et des Cultures \u00c9trang\u00e8res<br \/>\n<strong>Pierre Gilliot<\/strong>, DR, Institut de Physique et de Chimie des Mat\u00e9riaux de Strasbourg<br \/>\n<strong>Christoph Goichon<\/strong>, CDD, \u00c9cole europ\u00e9enne de chimie, polym\u00e8res et mat\u00e9riaux de Strasbourg<br \/>\n<strong>Julien Gossa<\/strong>, MCF, IUT Robert Schuman<br \/>\n<strong>Vincent Goulet<\/strong>, CDD, Institut d&rsquo;\u00c9tudes Politiques<br \/>\n<strong>Thierry Grass<\/strong>, PU, Facult\u00e9 des Langues et Sciences Humaines Appliqu\u00e9es<br \/>\n<strong>Corinne Grenouillet<\/strong>, MCF HDR, Facult\u00e9 des Lettres<br \/>\n<strong>Daniel Grucker<\/strong>, PU-PH, Facult\u00e9 de M\u00e9decine<br \/>\n<strong>Dominique Guenot<\/strong>, DR, Progression tumorale et micro-environnement. Approches translationnelles et \u00e9pid\u00e9miologie<br \/>\n<strong>Micha\u00ebl Gutnic<\/strong>, MCF, UFR de Math\u00e9matique et d&rsquo;Informatique<br \/>\n<strong>Magdal\u00e9na Hadjiisky<\/strong>, MCF, Institut d&rsquo;\u00c9tudes Politiques<br \/>\n<strong>Jacques Haiech<\/strong>, PU, \u00c9cole Sup\u00e9rieure de Biotechnologie de Strasbourg<br \/>\n<strong>Youssef Haikel<\/strong>, PU-PH, Facult\u00e9 de Chirurgie Dentaire<br \/>\n<strong>Pierre Hartmann<\/strong>, PU, Facult\u00e9 des Lettres<br \/>\n<strong>Xavier Hascher<\/strong>, PU, Facult\u00e9 des Arts<br \/>\n<strong>Catherine Haser<\/strong>, PRCE, Facult\u00e9 des Arts<br \/>\n<strong>Jean-Philippe Heurtin<\/strong>, PU, Institut d&rsquo;\u00c9tudes Politiques<br \/>\n<strong>Denis Hoenen<\/strong>, PRAG, Facult\u00e9 de Physique et Ing\u00e9nierie<br \/>\n<strong>Yves Holl<\/strong>, PU, \u00c9cole europ\u00e9enne de chimie, polym\u00e8res et mat\u00e9riaux de Strasbourg<br \/>\n<strong>Christine Huyghe<\/strong>, CR HDR, UFR de Math\u00e9matique et d&rsquo;Informatique<br \/>\n<strong>Christian Jacques<\/strong>, MCF, Facult\u00e9 des Langues et des Cultures \u00c9trang\u00e8res<br \/>\n<strong>Rodolfo Jalabert<\/strong>, PU, Facult\u00e9 de Physique et Ing\u00e9nierie<br \/>\n<strong>Jean-Marc Jeltsch<\/strong>, PU, \u00c9cole Sup\u00e9rieure de Biotechnologie de Strasbourg<br \/>\n<strong>Christian Jeunesse<\/strong>, PU, Sciences Historiques<br \/>\n<strong>Genevi\u00e8ve Jolly<\/strong>, PU, Facult\u00e9 des Arts<br \/>\n<strong>Philippe Juhem<\/strong>, MCF, Institut d&rsquo;\u00c9tudes Politiques<br \/>\n<strong>Audrey Kichelewski<\/strong>, MCF, Facult\u00e9 des Sciences Historiques<br \/>\n<strong>Michel Koebel<\/strong>, PU, Facult\u00e9 des Sciences du Sport<br \/>\n<strong>Vilmos Komornik<\/strong>, PU, UFR de Math\u00e9matique et d&rsquo;Informatique<br \/>\n<strong>Alexandre Kostka<\/strong>, PU, Facult\u00e9 des Langues et Sciences Humaines Appliqu\u00e9es<br \/>\n<strong>Annie Kuyumcuyan<\/strong>, PU, Facult\u00e9 des Lettres<br \/>\n<strong>Christophe Lallement<\/strong>, PU, Telecom Physique Strasbourg<br \/>\n<strong>Gilles Lambert<\/strong>, PU, \u00c9cole de Management<br \/>\n<strong>\u00c9lisabeth Lambert Abdelgawad<\/strong>, DR, Soci\u00e9t\u00e9s, Acteurs, Gouvernement en Europe<br \/>\n<strong>Ariane Lan\u00e7on<\/strong>, PU, Observatoire Astronomique de Strasbourg<br \/>\n<strong>Florence Lecomte<\/strong>, CR, UFR de Math\u00e9matique et d&rsquo;Informatique<br \/>\n<strong>Gilles Leroux<\/strong>, MCF, Facult\u00e9 des Langues et Sciences Humaines Appliqu\u00e9es<br \/>\n<strong>Val\u00e9rie Lozac&rsquo;h<\/strong>, MCF HDR, Institut d&rsquo;\u00c9tudes Politiques<br \/>\n<strong>Franz L\u00fcthi<\/strong>, PRAG, IUT Robert Schuman<br \/>\n<strong>V\u00e9ronique Luzel<\/strong>, PRAG Dr, Facult\u00e9 des lettres<br \/>\n<strong>Franck Macrez<\/strong>, MCF HDR, Centre d&rsquo;\u00c9tudes Internationales de la Propri\u00e9t\u00e9 Intellectuelle<br \/>\n<strong>Pascal Maillard<\/strong>, PRAG, Facult\u00e9 des Lettres<br \/>\n<strong>Monique Majchrzak<\/strong>, MCF HDR, Facult\u00e9 de Psychologie<br \/>\n<strong>Samir Mameri<\/strong>, MCF, IUT Robert Schuman<br \/>\n<strong>Anthony  Mangeon<\/strong>, PU, Facult\u00e9 des Lettres<br \/>\n<strong>Stella Marc-Zwecker<\/strong>, MCF, UFR de Math\u00e9matique et d&rsquo;Informatique<br \/>\n<strong>Adriano Marmora<\/strong>, MCF, UFR de Math\u00e9matique et d&rsquo;Informatique<br \/>\n<strong>Annie Martin<\/strong>, CR, Soci\u00e9t\u00e9s, Acteurs, Gouvernement en Europe<br \/>\n<strong>Gw\u00e9na\u00ebl Massuyau<\/strong>, CR HDR, UFR de Math\u00e9matique et d&rsquo;Informatique<br \/>\n<strong>Eric Maulin<\/strong>, PU, Facult\u00e9 de Droit, de Sciences politiques et de Gestion<br \/>\n<strong>Michel Mehrenberger<\/strong>, MCF HDR, UFR de Math\u00e9matique et d&rsquo;Informatique<br \/>\n<strong>Pascal Merindol<\/strong>, MCF, UFR de Math\u00e9matique et d&rsquo;Informatique<br \/>\n<strong>Jean-Paul Meyer<\/strong>, MCF, Facult\u00e9 des Lettres<br \/>\n<strong>H\u00e9l\u00e8ne Michel<\/strong>, PU, Institut d&rsquo;\u00c9tudes Politiques<br \/>\n<strong>Philippe Michel<\/strong>, PRAG, UFR de Math\u00e9matique et d&rsquo;Informatique<br \/>\n<strong>S\u00e9bastien Michon<\/strong>, CR, Soci\u00e9t\u00e9s, Acteurs, Gouvernement en Europe<br \/>\n<strong>Marc Mignot<\/strong>, PU, Facult\u00e9 de Droit, de Sciences politiques et de Gestion<br \/>\n<strong>Sylvie Monchatre<\/strong>, MCF, Facult\u00e9 des Sciences Sociales<br \/>\n<strong>Jean-Charles Monferran<\/strong>, PU, Facult\u00e9 des Lettres<br \/>\n<strong>St\u00e9phane Mroczkowski<\/strong>, MCF, \u00c9cole Sup\u00e9rieure du Professorat et de l&rsquo;\u00c9ducation<br \/>\n<strong>Rocio Munguia-Aguilar<\/strong>, Doctorante, Facult\u00e9 des Lettres<br \/>\n<strong>Estelle Naudin<\/strong>, PU, Facult\u00e9 de Droit, de Sciences politiques et de Gestion<br \/>\n<strong>Josiane Nervi-Gasparini<\/strong>, MCF, UFR de Math\u00e9matique et d&rsquo;Informatique<br \/>\n<strong>Rutger Noot<\/strong>, PU, UFR de Math\u00e9matique et d&rsquo;Informatique<br \/>\n<strong>Muriel Ott<\/strong>, PU, Facult\u00e9 des Lettres<br \/>\n<strong>Myriam Ounaies<\/strong>, MCF HDR, UFR de Math\u00e9matique et d&rsquo;Informatique<br \/>\n<strong>Pascale Peccavy<\/strong>, CDD, Institut de Pr\u00e9paration \u00e0 l&rsquo;Administration G\u00e9n\u00e9rale<br \/>\n<strong>Corine Pencenat<\/strong>, MCF HDR, Facult\u00e9 des Arts<br \/>\n<strong>Odile Petit<\/strong>, DR, Institut Pluridisciplinaire Hubert Curien<br \/>\n<strong>Roland Pfefferkorn<\/strong>, PU, Facult\u00e9 des Sciences Sociales<br \/>\n<strong>V\u00e9ronique Pierron-Bohnes<\/strong>, DR, Institut de Physique et Chimie des Mat\u00e9riaux de Strasbourg<br \/>\n<strong>Thierry Pradier<\/strong>, MCF HDR, Facult\u00e9 de Physique et Ing\u00e9nierie<br \/>\n<strong>Luana Quattrocelli<\/strong>, MCF, Facult\u00e9 des Lettres<br \/>\n<strong>Thierry Ramadier<\/strong>, DR, Facult\u00e9 de G\u00e9ographie et d&rsquo;Am\u00e9nagement<br \/>\n<strong>Laurence Rasseneur<\/strong>, MCF, Facult\u00e9 des Sciences du Sport<br \/>\n<strong>Alexandre Remaitre<\/strong>, MCF, \u00c9cole et Observatoire des Sciences de la Terre, Institut de Physique du Globe<br \/>\n<strong>Catherine Repussard<\/strong>, MCF, Facult\u00e9 des Langues et des Cultures \u00c9trang\u00e8res<br \/>\n\u00ab\u00a0<strong>Jean-Luc Rehspringer<br \/>\n<\/strong>, DR, Institut de Physique et Chimie des Mat\u00e9riaux de Strasbourg\u00a0\u00bb<br \/>\n<strong>Nicolas Rivier<\/strong>, PU \u00e9m\u00e9rite, Institut de Physique et Chimie des Mat\u00e9riaux de Strasbourg<br \/>\n<strong>Patrick Roger<\/strong>, PU, \u00c9cole de Management<br \/>\n<strong>Guillaume Rogez<\/strong>, CR HDR, Institut de Physique et Chimie des Mat\u00e9riaux de Strasbourg<br \/>\n<strong>Jacob Rogozinski<\/strong>, PU, Facult\u00e9 de Philosophie<br \/>\n<strong>Virginie Roiron<\/strong>, MCF, Institut d&rsquo;\u00c9tudes Politiques<br \/>\n<strong>Hubert Rubenthaler<\/strong>, PU, UFR de Math\u00e9matique et d&rsquo;Informatique<br \/>\n<strong>Anne Rubin<\/strong>, MCF, Facult\u00e9 de Physique et Ing\u00e9nierie<br \/>\n<strong>Jean-No\u00ebl Sanchez<\/strong>, MCF, Facult\u00e9 des Langues et des Cultures \u00c9trang\u00e8res<br \/>\n<strong>Alain Sartout<\/strong>, IR, Institut de Recherche Math\u00e9matique Avanc\u00e9e<br \/>\n<strong>Erik-Andr\u00e9 Sauleau<\/strong>, PU-PH, Facult\u00e9 de m\u00e9decine<br \/>\n<strong>Sarah Schimchowitsch<\/strong>, CR HDR, Facult\u00e9 de Psychologie<br \/>\n<strong>Sylvain Schirmann<\/strong>, PU, Institut d&rsquo;\u00c9tudes Politiques<br \/>\n<strong>Andr\u00e9 Schroder<\/strong>, CR, Facult\u00e9 de Physique et Ing\u00e9nierie<br \/>\n<strong>Jean-Jacques Schwien<\/strong>, MCF, Facult\u00e9 des Sciences Historiques<br \/>\n<strong>Julie Sedel<\/strong>, MCF, IUT Robert Schuman<br \/>\n<strong>Emmanuelle Semp\u00e8re<\/strong>, MCF, Facult\u00e9 des Lettres<br \/>\n<strong>J\u00e9r\u00e9my Sinigaglia<\/strong>, MCF, Institut d&rsquo;\u00c9tudes Politiques<br \/>\n<strong>Sofiane Souaifi<\/strong>, MCF, UFR de Math\u00e9matique et d&rsquo;Informatique<br \/>\n<strong>Alexandre Sumpf<\/strong>, MCF, Facult\u00e9 des Sciences Historiques<br \/>\n<strong>Fabrice Theoleyre<\/strong>, CR HDR, ICube<br \/>\n<strong>Bernard Thierry<\/strong>, DR, Institut Pluridisciplinaire Hubert Curien<br \/>\n<strong>Benjamin Thomas<\/strong>, MCF, Facult\u00e9 des arts<br \/>\n<strong>Alice Tisserand-Martin<\/strong>, PU, Facult\u00e9 de Droit, de Sciences politiques et de Gestion<br \/>\n<strong>Juan Jos\u00e9 Torreiro-Lareo<\/strong>, PRAG, Institut d&rsquo;\u00c9tudes Politiques<br \/>\n<strong>Renaud Toussaint<\/strong>, DR, \u00c9cole et Observatoire des Sciences de la Terre<br \/>\n<strong>H\u00e9l\u00e8ne Vassiliadou<\/strong>, MCF, Facult\u00e9 des lettres<br \/>\n<strong>Christine Vespa<\/strong>, MCF HDR, UFR de Math\u00e9matique et d&rsquo;Informatique<br \/>\n<strong>Jean-Paul Villette<\/strong>, MCF, Facult\u00e9 des Sciences \u00c9conomiques et de Gestion<br \/>\n<strong>St\u00e9phane Viville<\/strong>, PU-PH, Facult\u00e9 de M\u00e9decine<br \/>\n<strong>Nathalie Wach<\/strong>, MCF, UFR de Math\u00e9matique et d&rsquo;Informatique<br \/>\n<strong>Philippe Walter<\/strong>, DR, Institut de Biologie Mol\u00e9culaire et Cellulaire<br \/>\n<strong>Marc Wambst<\/strong>, MCF HDR, UFR de Math\u00e9matique et d&rsquo;Informatique<br \/>\n<strong>Patrick Werly<\/strong>, MCF HDR, Facult\u00e9 des Lettres<br \/>\n<strong>Hubert Whitechurch<\/strong>, PU, \u00c9cole et Observatoire des Sciences de la Terre<br \/>\n<strong>Jean-Pierre Wintenberger<\/strong>, PU, UFR de Math\u00e9matique et d&rsquo;Informatique<\/p>\n<hr \/>\n<p><small><br \/>\nCR : Charg\u00e9 de recherches<br \/>\nDR : Directeur de recherches<br \/>\nMCF : Ma\u00eetre de conf\u00e9rences<br \/>\nPRAG : Professeur agr\u00e9g\u00e9<br \/>\nPRCE : Professeur certifi\u00e9<br \/>\nPU : Professeur des universit\u00e9s<br \/>\nPU-PH : Professeur des universit\u00e9s\/Praticien hospitalier<br \/>\nHDR : titulaire de l&rsquo;habilitation \u00e0 diriger des recherches<br \/>\nDr : titulaire du doctorat<br \/>\n<\/small><\/p>\n<p>&nbsp;<\/p>\n","protected":false},"excerpt":{"rendered":"<p>Apportent leur soutien \u00e0 notre liste et ont pu participer aux discussions et \u00e0 l\u2019\u00e9laboration du programme : Pia Acker, PRCE, Centre de Ressources de Langues Nalini Anantharaman, PU, UFR de Math\u00e9matique et d&rsquo;Informatique Patrick Anglard, DR, Facult\u00e9 de M\u00e9decine Dominique Armspach, PU, IUT Robert Schuman Antoine Aufray, MCF, Facult\u00e9 des Langues et Cultures Etrang\u00e8res [&hellip;]<\/p>\n","protected":false},"author":1,"featured_media":0,"parent":0,"menu_order":0,"comment_status":"closed","ping_status":"closed","template":"","meta":{"jetpack_post_was_ever_published":false,"footnotes":""},"jetpack_sharing_enabled":true,"jetpack_shortlink":"https:\/\/wp.me\/P85Sjy-T","jetpack_likes_enabled":true,"_links":{"self":[{"href":"https:\/\/alternative2017.eu\/index.php\/wp-json\/wp\/v2\/pages\/55"}],"collection":[{"href":"https:\/\/alternative2017.eu\/index.php\/wp-json\/wp\/v2\/pages"}],"about":[{"href":"https:\/\/alternative2017.eu\/index.php\/wp-json\/wp\/v2\/types\/page"}],"author":[{"embeddable":true,"href":"https:\/\/alternative2017.eu\/index.php\/wp-json\/wp\/v2\/users\/1"}],"replies":[{"embeddable":true,"href":"https:\/\/alternative2017.eu\/index.php\/wp-json\/wp\/v2\/comments?post=55"}],"version-history":[{"count":65,"href":"https:\/\/alternative2017.eu\/index.php\/wp-json\/wp\/v2\/pages\/55\/revisions"}],"predecessor-version":[{"id":567,"href":"https:\/\/alternative2017.eu\/index.php\/wp-json\/wp\/v2\/pages\/55\/revisions\/567"}],"wp:attachment":[{"href":"https:\/\/alternative2017.eu\/index.php\/wp-json\/wp\/v2\/media?parent=55"}],"curies":[{"name":"wp","href":"https:\/\/api.w.org\/{rel}","templated":true}]}}